{"id":4064,"date":"2018-04-17T17:20:39","date_gmt":"2018-04-17T15:20:39","guid":{"rendered":"https:\/\/www.sts-friction.com\/windkraft\/?lang=en"},"modified":"2023-11-19T18:07:50","modified_gmt":"2023-11-19T17:07:50","slug":"windkraft","status":"publish","type":"page","link":"https:\/\/www.sts-friction.com\/en\/windkraft\/","title":{"rendered":"Windkraft"},"content":{"rendered":"<div class=\"wpb-content-wrapper\"><p>[vc_row type=&#8221;vc_default&#8221; margin_top=&#8221;-62px&#8221; animation_in_type=&#8221;transition.slideLeftIn&#8221; animation_in_offset=&#8221;100&#8243; animation_in_duration=&#8221;300&#8243; animation_in_delay=&#8221;0&#8243;][vc_column animation=&#8221;fade-in&#8221;]<div id=\"ultimate-heading-878469e2ff001aff5\" class=\"uvc-heading ult-adjust-bottom-margin ultimate-heading-878469e2ff001aff5 uvc-7262 \" data-hspacer=\"line_only\"  data-halign=\"left\" style=\"text-align:left\"><div class=\"uvc-main-heading ult-responsive\"  data-ultimate-target='.uvc-heading.ultimate-heading-878469e2ff001aff5 h1'  data-responsive-json-new='{\"font-size\":\"desktop:32px;\",\"line-height\":\"desktop:36px;\"}' ><h1 style=\"font-family:&#039;Open Sans&#039;;font-weight:300;color:#e30513;\">Wind, Energie und STS Friction \u2013 die Kombination f\u00fcr Ihren Erfolg!<\/h1><\/div><div class=\"uvc-heading-spacer line_only\" style=\"margin-top:10px;margin-bottom:10px;height:1px;\"><span class=\"uvc-headings-line\" style=\"border-style:solid;border-bottom-width:1px;border-color:#e30513;width:autopx;\"><\/span><\/div><div class=\"uvc-sub-heading ult-responsive\"  data-ultimate-target='.uvc-heading.ultimate-heading-878469e2ff001aff5 .uvc-sub-heading '  data-responsive-json-new='{\"font-size\":\"desktop:19px;\",\"line-height\":\"desktop:23px;\"}'  style=\"font-family:&#039;Open Sans&#039;;font-weight:300;color:#0a0a0a;\">Nutzen Sie den Wind mit den Werkstoffen der STS Friction GmbH.<\/div><\/div><div class=\"ult-spacer spacer-69e2ff001b0c4\" data-id=\"69e2ff001b0c4\" data-height=\"20\" data-height-mobile=\"20\" data-height-tab=\"20\" data-height-tab-portrait=\"\" data-height-mobile-landscape=\"\" style=\"clear:both;display:block;\"><\/div>[vc_column_text css_animation=&#8221;fadeInLeft&#8221;]<img loading=\"lazy\" decoding=\"async\" class=\"rahmen alignleft wp-image-3694\" src=\"https:\/\/www.sts-friction.com\/wp-content\/uploads\/2018\/04\/Windrad-300x218.jpg\" alt=\"Windkraft\" width=\"450\" height=\"327\" srcset=\"https:\/\/www.sts-friction.com\/wp-content\/uploads\/2018\/04\/Windrad-300x218.jpg 300w, https:\/\/www.sts-friction.com\/wp-content\/uploads\/2018\/04\/Windrad-768x557.jpg 768w, https:\/\/www.sts-friction.com\/wp-content\/uploads\/2018\/04\/Windrad-1024x743.jpg 1024w, https:\/\/www.sts-friction.com\/wp-content\/uploads\/2018\/04\/Windrad.jpg 1200w\" sizes=\"auto, (max-width: 450px) 100vw, 450px\" \/>Windenergie ist mit die \u00e4lteste, st\u00e4rkste und auch verl\u00e4sslichste Energieform der Erde. Es sind genau diese St\u00e4rke und diese Verl\u00e4sslichkeit, die man auch von allen Komponenten einer Windkraftanlage erwartet und das bei rasantem technologischen Fortschritt.<span class=\"Apple-converted-space\">\u00a0<\/span><\/p>\n<h3>Die modernen Windkraftanlagen sind Hightech-Produkte und ben\u00f6tigen entsprechend hochwertige Werkstoffe. Es kommt auf Wirtschaftlichkeit bei besonders langen Standzeiten und hohen Reibwerten an!<\/h3>\n<p>[\/vc_column_text][vc_column_text]Der <b>Azimut-Haltebelag STS 4042<\/b> arbeitet ger\u00e4uschfrei und sicher. Sein ausgezeichnetes Korrosions- und Verschleissverhalten minimieren langfristig den Wartungsbedarf Ihrer Windkraftanlage.\u00a0Unser <b>STS 4088<\/b> ist die konsequente Weiterentwicklung des in der Erstausr\u00fcstung bew\u00e4hrten STS 4042. Er setzt neue Bestmarken in Bezug auf statischen Reibwert unter hoher Zuspannung und bei Ger\u00e4uschverhalten.[\/vc_column_text][\/vc_column][\/vc_row][vc_row][vc_column][vc_column_text]\n<table id=\"tablepress-166\" class=\"tablepress tablepress-id-166\">\n<tbody class=\"row-striping\">\n<tr class=\"row-1\">\n\t<td class=\"column-1\"><\/td><td class=\"column-2\"><img loading=\"lazy\" decoding=\"async\" src=\"http:\/\/www.sts-friction.com\/wp-content\/uploads\/2015\/02\/productlabel_4088-300x67.png\" alt=\"\" width=\"150\" height=\"33\" class=\"alignnone size-medium wp-image-1662\" srcset=\"https:\/\/www.sts-friction.com\/wp-content\/uploads\/2015\/02\/productlabel_4088-300x67.png 300w, https:\/\/www.sts-friction.com\/wp-content\/uploads\/2015\/02\/productlabel_4088-380x85.png 380w, https:\/\/www.sts-friction.com\/wp-content\/uploads\/2015\/02\/productlabel_4088-3x1.png 3w, https:\/\/www.sts-friction.com\/wp-content\/uploads\/2015\/02\/productlabel_4088-6x1.png 6w, https:\/\/www.sts-friction.com\/wp-content\/uploads\/2015\/02\/productlabel_4088-2x1.png 2w, https:\/\/www.sts-friction.com\/wp-content\/uploads\/2015\/02\/productlabel_4088-4x1.png 4w, https:\/\/www.sts-friction.com\/wp-content\/uploads\/2015\/02\/productlabel_4088-5x1.png 5w, https:\/\/www.sts-friction.com\/wp-content\/uploads\/2015\/02\/productlabel_4088-10x2.png 10w, https:\/\/www.sts-friction.com\/wp-content\/uploads\/2015\/02\/productlabel_4088-8x2.png 8w, https:\/\/www.sts-friction.com\/wp-content\/uploads\/2015\/02\/productlabel_4088-12x3.png 12w, https:\/\/www.sts-friction.com\/wp-content\/uploads\/2015\/02\/productlabel_4088-7x2.png 7w, https:\/\/www.sts-friction.com\/wp-content\/uploads\/2015\/02\/productlabel_4088-14x3.png 14w, https:\/\/www.sts-friction.com\/wp-content\/uploads\/2015\/02\/productlabel_4088-9x2.png 9w, https:\/\/www.sts-friction.com\/wp-content\/uploads\/2015\/02\/productlabel_4088-18x4.png 18w, https:\/\/www.sts-friction.com\/wp-content\/uploads\/2015\/02\/productlabel_4088.png 500w\" sizes=\"auto, (max-width: 150px) 100vw, 150px\" \/><\/td><td class=\"column-3\"><img loading=\"lazy\" decoding=\"async\" src=\"http:\/\/www.sts-friction.com\/wp-content\/uploads\/2015\/01\/productlabel_4042-300x67.png\" alt=\"\" width=\"150\" height=\"33\" class=\"alignnone size-medium wp-image-1404\" srcset=\"https:\/\/www.sts-friction.com\/wp-content\/uploads\/2015\/01\/productlabel_4042-300x67.png 300w, https:\/\/www.sts-friction.com\/wp-content\/uploads\/2015\/01\/productlabel_4042-380x85.png 380w, https:\/\/www.sts-friction.com\/wp-content\/uploads\/2015\/01\/productlabel_4042-3x1.png 3w, https:\/\/www.sts-friction.com\/wp-content\/uploads\/2015\/01\/productlabel_4042-6x1.png 6w, https:\/\/www.sts-friction.com\/wp-content\/uploads\/2015\/01\/productlabel_4042-2x1.png 2w, https:\/\/www.sts-friction.com\/wp-content\/uploads\/2015\/01\/productlabel_4042-4x1.png 4w, https:\/\/www.sts-friction.com\/wp-content\/uploads\/2015\/01\/productlabel_4042-5x1.png 5w, https:\/\/www.sts-friction.com\/wp-content\/uploads\/2015\/01\/productlabel_4042-10x2.png 10w, https:\/\/www.sts-friction.com\/wp-content\/uploads\/2015\/01\/productlabel_4042-8x2.png 8w, https:\/\/www.sts-friction.com\/wp-content\/uploads\/2015\/01\/productlabel_4042-12x3.png 12w, https:\/\/www.sts-friction.com\/wp-content\/uploads\/2015\/01\/productlabel_4042-7x2.png 7w, https:\/\/www.sts-friction.com\/wp-content\/uploads\/2015\/01\/productlabel_4042-14x3.png 14w, https:\/\/www.sts-friction.com\/wp-content\/uploads\/2015\/01\/productlabel_4042-9x2.png 9w, https:\/\/www.sts-friction.com\/wp-content\/uploads\/2015\/01\/productlabel_4042-18x4.png 18w, https:\/\/www.sts-friction.com\/wp-content\/uploads\/2015\/01\/productlabel_4042.png 500w\" sizes=\"auto, (max-width: 150px) 100vw, 150px\" \/><\/td>\n<\/tr>\n<tr class=\"row-2\">\n\t<td class=\"column-1\">Trockenreibwert<\/td><td class=\"column-2\">0,44 \u00b5<\/td><td class=\"column-3\">0,40 \u00b5<\/td>\n<\/tr>\n<tr class=\"row-3\">\n\t<td class=\"column-1\">max. Dauertemperatur<\/td><td class=\"column-2\">160 \u00b0C<\/td><td class=\"column-3\">180 \u00b0C<\/td>\n<\/tr>\n<tr class=\"row-4\">\n\t<td class=\"column-1\">Druckfestigkeit Raumtemperatur<\/td><td class=\"column-2\">110 N\/mm\u00b2<\/td><td class=\"column-3\">115 N\/mm\u00b2<\/td>\n<\/tr>\n<\/tbody>\n<\/table>\n<!-- #tablepress-166 from cache -->[\/vc_column_text][vc_column_text css_animation=&#8221;fadeInLeft&#8221;]Wir werden allen Anspr\u00fcchen gerecht, was die individuelle Formgebung unserer Materialien angeht und sind der Partner f\u00fcr alle Ersatzteilbedarfe! Unsere Anwendungstechniker reagieren schnell und zuverl\u00e4ssig auf die Anforderungen unserer Kunden.<\/p>\n<p>Das Potenzial der Windenergie ist noch bei weitem nicht ausgesch\u00f6pft! <b>Nutzen Sie den Wind \u2013 mit den Werkstoffen der STS Friction GmbH<\/b>[\/vc_column_text][\/vc_column][\/vc_row][vc_row type=&#8221;vc_default&#8221; full_width=&#8221;stretch_row_content&#8221; margin_top=&#8221;40&#8243; margin_bottom=&#8221;40&#8243; enable_parallax=&#8221;true&#8221; parallax_background=&#8221;3693&#8243; parallax_style=&#8221;vcpb-default&#8221; bg_image_new=&#8221;id^3693|url^https:\/\/www.sts-friction.com\/wp-content\/uploads\/2018\/04\/windhose.jpg|caption^null|alt^windhose|title^windhose|description^null&#8221; bg_image_repeat=&#8221;no-repeat&#8221; bg_image_size=&#8221;contain&#8221; bg_img_attach=&#8221;fixed&#8221; bg_image_posiiton=&#8221;100px 100px&#8221;][vc_column]<div class=\"ult-spacer spacer-69e2ff001bf94\" data-id=\"69e2ff001bf94\" data-height=\"300\" data-height-mobile=\"300\" data-height-tab=\"300\" data-height-tab-portrait=\"\" data-height-mobile-landscape=\"\" style=\"clear:both;display:block;\"><\/div>[\/vc_column][\/vc_row][vc_row type=&#8221;vc_default&#8221; full_width=&#8221;stretch_row&#8221; content_placement=&#8221;middle&#8221; css=&#8221;.vc_custom_1523694084524{margin-bottom: -70px !important;background-color: #383838 !important;}&#8221; min_height=&#8221;190px&#8221;][vc_column width=&#8221;1\/4&#8243;]<div class=\"dt-fancy-separator title-left h6-size style-disabled\" style=\"width: 100%;\"><div class=\"dt-fancy-title\" style=\"color: #ffffff;\"><span class=\"separator-holder separator-left\"><\/span>Unsere Zertifizierungen:<span class=\"separator-holder separator-right\"><\/span><\/div><\/div>[\/vc_column][vc_column width=&#8221;3\/4&#8243;][vc_column_text css_animation=&#8221;fadeInLeft&#8221; css=&#8221;.vc_custom_1523628217171{margin-right: -30px !important;margin-bottom: -35px !important;}&#8221;]<\/p>\n<p style=\"text-align: right;\"><script>\r\n\t\tjQuery(function() {\r\n\t\t\tjQuery(\"#logosshowcase_2\").logogridshowcase({columWidth:120,\r\n\t\t\t\tgutter:50,\r\n\t\t\t\tmargin_left:2,\r\n\t\t\t\tmargin_right:2,\r\n\t\t\t\tmargin_top:0,\r\n\t\t\t\tresponsive:true,\r\n\t\t\t\tresponsiveRelativeToBrowser:false,\t\t\t\t\r\n\t\t\t\twidth100Proc:false,\r\n\t\t\t\theight100Proc:false,\t\t\t\t\r\n\t\t\t\ttarget:\"_blank\",\r\n\t\t\t\tgrayscale:false,\r\n\t\t\t\tshowTooltip:false,\r\n\t\t\t\tabsUrl:\"https:\/\/www.sts-friction.com\/wp-content\/plugins\/lbg_logoshowcase\/grid\/\",\r\n\t\t\t\tborder:0,\r\n\t\t\t\tborderColorOFF:\"##f3f3f3\",\r\n\t\t\t\tborderColorON:\"#FF0000\"});\t\r\n\t\t});\r\n\t<\/script>\t\r\n            <div id=\"logosshowcase_2\"><ul class=\"logs_list\"><li data-link=\"\" data-target=\"\" ><img loading=\"lazy\" decoding=\"async\" src=\"https:\/\/www.sts-friction.com\/wp-content\/uploads\/2015\/03\/vri_logo.png\" width=\"250\" height=\"250\" alt=\"\"  title=\"\" \/><\/li><li data-link=\"\" data-target=\"\" ><img loading=\"lazy\" decoding=\"async\" src=\"https:\/\/www.sts-friction.com\/wp-content\/uploads\/2015\/03\/femfm_logo.png\" width=\"250\" height=\"250\" alt=\"\"  title=\"\" \/><\/li><li data-link=\"\" data-target=\"\" ><img loading=\"lazy\" decoding=\"async\" src=\"https:\/\/www.sts-friction.com\/wp-content\/uploads\/2015\/03\/oe_logo.png\" width=\"250\" height=\"250\" alt=\"\"  title=\"\" \/><\/li><li data-link=\"https:\/\/www.sts-friction.com\/wp-content\/uploads\/2023\/09\/0020230-QMS-DEUDE-UKAS.pdf\" data-target=\"_blank\" ><img loading=\"lazy\" decoding=\"async\" src=\"https:\/\/www.sts-friction.com\/wp-content\/uploads\/2017\/11\/Certified_ISO9001.png\" width=\"567\" height=\"567\" alt=\"\"  title=\"\" \/><\/li><li data-link=\"\" data-target=\"_blank\" ><img loading=\"lazy\" decoding=\"async\" src=\"https:\/\/www.sts-friction.com\/wp-content\/uploads\/2018\/04\/Lloyds.png\" width=\"550\" height=\"550\" alt=\"\"  title=\"\" \/><\/li><li data-link=\"\" data-target=\"_blank\" ><img loading=\"lazy\" decoding=\"async\" src=\"https:\/\/www.sts-friction.com\/wp-content\/uploads\/2025\/11\/Datenschutz-Schulungssiegel-2025.png\" width=\"1086\" height=\"805\" alt=\"\"  title=\"\" \/><\/li><\/ul><\/div><br style=\"clear:both;\"><\/p>\n<p>[\/vc_column_text][\/vc_column][\/vc_row]<\/p>\n<\/div>","protected":false},"excerpt":{"rendered":"<p>[vc_row type=&#8221;vc_default&#8221; margin_top=&#8221;-62px&#8221; animation_in_type=&#8221;transition.slideLeftIn&#8221; animation_in_offset=&#8221;100&#8243; animation_in_duration=&#8221;300&#8243; animation_in_delay=&#8221;0&#8243;][vc_column animation=&#8221;fade-in&#8221;][vc_column_text css_animation=&#8221;fadeInLeft&#8221;]Windenergie ist mit die \u00e4lteste, st\u00e4rkste und auch verl\u00e4sslichste Energieform der Erde. Es sind genau diese St\u00e4rke und diese Verl\u00e4sslichkeit, die man auch von allen Komponenten einer Windkraftanlage erwartet und das bei rasantem technologischen Fortschritt.\u00a0 Die modernen Windkraftanlagen sind Hightech-Produkte und ben\u00f6tigen entsprechend hochwertige Werkstoffe. Es kommt&hellip;<\/p>\n","protected":false},"author":1,"featured_media":0,"parent":0,"menu_order":0,"comment_status":"closed","ping_status":"closed","template":"","meta":{"iawp_total_views":6,"footnotes":""},"class_list":["post-4064","page","type-page","status-publish","hentry","description-off"],"_links":{"self":[{"href":"https:\/\/www.sts-friction.com\/en\/wp-json\/wp\/v2\/pages\/4064","targetHints":{"allow":["GET"]}}],"collection":[{"href":"https:\/\/www.sts-friction.com\/en\/wp-json\/wp\/v2\/pages"}],"about":[{"href":"https:\/\/www.sts-friction.com\/en\/wp-json\/wp\/v2\/types\/page"}],"author":[{"embeddable":true,"href":"https:\/\/www.sts-friction.com\/en\/wp-json\/wp\/v2\/users\/1"}],"replies":[{"embeddable":true,"href":"https:\/\/www.sts-friction.com\/en\/wp-json\/wp\/v2\/comments?post=4064"}],"version-history":[{"count":3,"href":"https:\/\/www.sts-friction.com\/en\/wp-json\/wp\/v2\/pages\/4064\/revisions"}],"predecessor-version":[{"id":5097,"href":"https:\/\/www.sts-friction.com\/en\/wp-json\/wp\/v2\/pages\/4064\/revisions\/5097"}],"wp:attachment":[{"href":"https:\/\/www.sts-friction.com\/en\/wp-json\/wp\/v2\/media?parent=4064"}],"curies":[{"name":"wp","href":"https:\/\/api.w.org\/{rel}","templated":true}]}}