{"id":4018,"date":"2018-04-17T16:53:32","date_gmt":"2018-04-17T14:53:32","guid":{"rendered":"https:\/\/www.sts-friction.com\/sts-%c2%adpowerpaket\/?lang=en"},"modified":"2023-11-19T18:01:57","modified_gmt":"2023-11-19T17:01:57","slug":"sts-%c2%adpowerpaket","status":"publish","type":"page","link":"https:\/\/www.sts-friction.com\/en\/sts-%c2%adpowerpaket\/","title":{"rendered":"STS-\u00adPowerpaket"},"content":{"rendered":"<div class=\"wpb-content-wrapper\"><p>[vc_row type=&#8221;vc_default&#8221; margin_top=&#8221;-62px&#8221; animation_in_type=&#8221;transition.slideLeftIn&#8221; animation_in_offset=&#8221;100&#8243; animation_in_duration=&#8221;300&#8243; animation_in_delay=&#8221;0&#8243;][vc_column animation=&#8221;fade-in&#8221;]<div id=\"ultimate-heading-41369e3010de91d0\" class=\"uvc-heading ult-adjust-bottom-margin ultimate-heading-41369e3010de91d0 uvc-545 \" data-hspacer=\"line_only\"  data-halign=\"left\" style=\"text-align:left\"><div class=\"uvc-main-heading ult-responsive\"  data-ultimate-target='.uvc-heading.ultimate-heading-41369e3010de91d0 h1'  data-responsive-json-new='{\"font-size\":\"desktop:32px;\",\"line-height\":\"desktop:36px;\"}' ><h1 style=\"font-family:&#039;Open Sans&#039;;font-weight:300;color:#e30513;\">Das STS-\u00adPowerpaket treibt an!<\/h1><\/div><div class=\"uvc-heading-spacer line_only\" style=\"margin-top:10px;margin-bottom:10px;height:1px;\"><span class=\"uvc-headings-line\" style=\"border-style:solid;border-bottom-width:1px;border-color:#e30513;width:autopx;\"><\/span><\/div><\/div><div class=\"ult-spacer spacer-69e3010de92b4\" data-id=\"69e3010de92b4\" data-height=\"20\" data-height-mobile=\"20\" data-height-tab=\"20\" data-height-tab-portrait=\"\" data-height-mobile-landscape=\"\" style=\"clear:both;display:block;\"><\/div>[vc_column_text css_animation=&#8221;fadeInLeft&#8221;]<b>STS 2012<\/b> und <b>STS 2050<\/b> \u2013 die beiden Werkstoffe aus dem Hause der STS Friction GmbH f\u00fcr den wirtschaftlichen Betrieb Ihrer kontinuierlichen Presse![\/vc_column_text][vc_column_text]<ul class=\"standard-arrow list-divider\"><li><p><b>Exzellente Reibwerte<\/b><\/p>\n<\/li><li><p><b>Hervorragende Bandkontrolle<\/b><\/p>\n<\/li><li><p><b>Hohe Einsatztemperaturen<\/b><\/p>\n<\/li><li><p><b>Beste Materialfestigkeit bei thermischer Belastung<\/b><\/p>\n<\/li><li><p><b>Extreme Langlebigkeit<\/b><\/p>\n<\/li><\/ul><\/p>\n<h3>Das Powerpaket tr\u00e4gt entscheidend dazu bei, Ihre Anlage hocheffizient und st\u00f6rungsfrei zu betreiben! Zus\u00e4tzlich weist der STS 2050 eine dauerhaft hohe thermische Belastbarkeit von bis zu 250\u00b0C im Dauerbetrieb aus!<\/h3>\n<p>\n<table id=\"tablepress-172\" class=\"tablepress tablepress-id-172\">\n<tbody class=\"row-striping row-hover\">\n<tr class=\"row-1\">\n\t<td class=\"column-1\"><\/td><td class=\"column-2\">STS 2012<\/td><td class=\"column-3\">STS 2050<\/td>\n<\/tr>\n<tr class=\"row-2\">\n\t<td class=\"column-1\">Trockenreibwert<\/td><td class=\"column-2\">0.40 \u00b5<\/td><td class=\"column-3\">0.60 \u00b5<\/td>\n<\/tr>\n<tr class=\"row-3\">\n\t<td class=\"column-1\">Reibwert unter \u00d6l<\/td><td class=\"column-2\">0.12 \u00b5<\/td><td class=\"column-3\">0.15 \u00b5<\/td>\n<\/tr>\n<tr class=\"row-4\">\n\t<td class=\"column-1\">max. Dauertemperatur<\/td><td class=\"column-2\">210\u00b0C<\/td><td class=\"column-3\">250\u00b0C<\/td>\n<\/tr>\n<tr class=\"row-5\">\n\t<td class=\"column-1\">Druckfestigkeit 200\u00b0C<\/td><td class=\"column-2\">160 N\/mm\u00b2<\/td><td class=\"column-3\">125 N\/mm\u00b2<\/td>\n<\/tr>\n<tr class=\"row-6\">\n\t<td class=\"column-1\">Druckfestigkeit 250\u00b0C<\/td><td class=\"column-2\"><\/td><td class=\"column-3\">125 N\/mm\u00b2<\/td>\n<\/tr>\n<\/tbody>\n<\/table>\n<!-- #tablepress-172 from cache -->[\/vc_column_text][vc_single_image image=&#8221;3671&#8243; img_size=&#8221;full&#8221; image_hovers=&#8221;false&#8221;][\/vc_column][\/vc_row][vc_row type=&#8221;vc_default&#8221; full_width=&#8221;stretch_row&#8221; content_placement=&#8221;middle&#8221; css=&#8221;.vc_custom_1523694084524{margin-bottom: -70px !important;background-color: #383838 !important;}&#8221; min_height=&#8221;190px&#8221;][vc_column width=&#8221;1\/4&#8243;]<div class=\"dt-fancy-separator title-left h6-size style-disabled\" style=\"width: 100%;\"><div class=\"dt-fancy-title\" style=\"color: #ffffff;\"><span class=\"separator-holder separator-left\"><\/span>Unsere Zertifizierungen:<span class=\"separator-holder separator-right\"><\/span><\/div><\/div>[\/vc_column][vc_column width=&#8221;3\/4&#8243;][vc_column_text css_animation=&#8221;fadeInLeft&#8221; css=&#8221;.vc_custom_1523628217171{margin-right: -30px !important;margin-bottom: -35px !important;}&#8221;]<\/p>\n<p style=\"text-align: right;\"><script>\r\n\t\tjQuery(function() {\r\n\t\t\tjQuery(\"#logosshowcase_2\").logogridshowcase({columWidth:120,\r\n\t\t\t\tgutter:50,\r\n\t\t\t\tmargin_left:2,\r\n\t\t\t\tmargin_right:2,\r\n\t\t\t\tmargin_top:0,\r\n\t\t\t\tresponsive:true,\r\n\t\t\t\tresponsiveRelativeToBrowser:false,\t\t\t\t\r\n\t\t\t\twidth100Proc:false,\r\n\t\t\t\theight100Proc:false,\t\t\t\t\r\n\t\t\t\ttarget:\"_blank\",\r\n\t\t\t\tgrayscale:false,\r\n\t\t\t\tshowTooltip:false,\r\n\t\t\t\tabsUrl:\"https:\/\/www.sts-friction.com\/wp-content\/plugins\/lbg_logoshowcase\/grid\/\",\r\n\t\t\t\tborder:0,\r\n\t\t\t\tborderColorOFF:\"##f3f3f3\",\r\n\t\t\t\tborderColorON:\"#FF0000\"});\t\r\n\t\t});\r\n\t<\/script>\t\r\n            <div id=\"logosshowcase_2\"><ul class=\"logs_list\"><li data-link=\"\" data-target=\"\" ><img loading=\"lazy\" decoding=\"async\" src=\"https:\/\/www.sts-friction.com\/wp-content\/uploads\/2015\/03\/vri_logo.png\" width=\"250\" height=\"250\" alt=\"\"  title=\"\" \/><\/li><li data-link=\"\" data-target=\"\" ><img loading=\"lazy\" decoding=\"async\" src=\"https:\/\/www.sts-friction.com\/wp-content\/uploads\/2015\/03\/femfm_logo.png\" width=\"250\" height=\"250\" alt=\"\"  title=\"\" \/><\/li><li data-link=\"\" data-target=\"\" ><img loading=\"lazy\" decoding=\"async\" src=\"https:\/\/www.sts-friction.com\/wp-content\/uploads\/2015\/03\/oe_logo.png\" width=\"250\" height=\"250\" alt=\"\"  title=\"\" \/><\/li><li data-link=\"https:\/\/www.sts-friction.com\/wp-content\/uploads\/2023\/09\/0020230-QMS-DEUDE-UKAS.pdf\" data-target=\"_blank\" ><img loading=\"lazy\" decoding=\"async\" src=\"https:\/\/www.sts-friction.com\/wp-content\/uploads\/2017\/11\/Certified_ISO9001.png\" width=\"567\" height=\"567\" alt=\"\"  title=\"\" \/><\/li><li data-link=\"\" data-target=\"_blank\" ><img loading=\"lazy\" decoding=\"async\" src=\"https:\/\/www.sts-friction.com\/wp-content\/uploads\/2018\/04\/Lloyds.png\" width=\"550\" height=\"550\" alt=\"\"  title=\"\" \/><\/li><li data-link=\"\" data-target=\"_blank\" ><img loading=\"lazy\" decoding=\"async\" src=\"https:\/\/www.sts-friction.com\/wp-content\/uploads\/2025\/11\/Datenschutz-Schulungssiegel-2025.png\" width=\"1086\" height=\"805\" alt=\"\"  title=\"\" \/><\/li><\/ul><\/div><br style=\"clear:both;\"><\/p>\n<p>[\/vc_column_text][\/vc_column][\/vc_row]<\/p>\n<\/div>","protected":false},"excerpt":{"rendered":"<p>[vc_row type=&#8221;vc_default&#8221; margin_top=&#8221;-62px&#8221; animation_in_type=&#8221;transition.slideLeftIn&#8221; animation_in_offset=&#8221;100&#8243; animation_in_duration=&#8221;300&#8243; animation_in_delay=&#8221;0&#8243;][vc_column animation=&#8221;fade-in&#8221;][vc_column_text css_animation=&#8221;fadeInLeft&#8221;]STS 2012 und STS 2050 \u2013 die beiden Werkstoffe aus dem Hause der STS Friction GmbH f\u00fcr den wirtschaftlichen Betrieb Ihrer kontinuierlichen Presse![\/vc_column_text][vc_column_text] Das Powerpaket tr\u00e4gt entscheidend dazu bei, Ihre Anlage hocheffizient und st\u00f6rungsfrei zu betreiben! Zus\u00e4tzlich weist der STS 2050 eine dauerhaft hohe thermische Belastbarkeit von&hellip;<\/p>\n","protected":false},"author":1,"featured_media":0,"parent":0,"menu_order":0,"comment_status":"closed","ping_status":"closed","template":"","meta":{"iawp_total_views":22,"footnotes":""},"class_list":["post-4018","page","type-page","status-publish","hentry","description-off"],"_links":{"self":[{"href":"https:\/\/www.sts-friction.com\/en\/wp-json\/wp\/v2\/pages\/4018","targetHints":{"allow":["GET"]}}],"collection":[{"href":"https:\/\/www.sts-friction.com\/en\/wp-json\/wp\/v2\/pages"}],"about":[{"href":"https:\/\/www.sts-friction.com\/en\/wp-json\/wp\/v2\/types\/page"}],"author":[{"embeddable":true,"href":"https:\/\/www.sts-friction.com\/en\/wp-json\/wp\/v2\/users\/1"}],"replies":[{"embeddable":true,"href":"https:\/\/www.sts-friction.com\/en\/wp-json\/wp\/v2\/comments?post=4018"}],"version-history":[{"count":2,"href":"https:\/\/www.sts-friction.com\/en\/wp-json\/wp\/v2\/pages\/4018\/revisions"}],"predecessor-version":[{"id":5091,"href":"https:\/\/www.sts-friction.com\/en\/wp-json\/wp\/v2\/pages\/4018\/revisions\/5091"}],"wp:attachment":[{"href":"https:\/\/www.sts-friction.com\/en\/wp-json\/wp\/v2\/media?parent=4018"}],"curies":[{"name":"wp","href":"https:\/\/api.w.org\/{rel}","templated":true}]}}