{"id":2656,"date":"2014-11-25T17:43:53","date_gmt":"2014-11-25T15:43:53","guid":{"rendered":"http:\/\/www.sts-friction.com\/?page_id=2656"},"modified":"2023-11-19T18:00:34","modified_gmt":"2023-11-19T17:00:34","slug":"sts-friction","status":"publish","type":"page","link":"https:\/\/www.sts-friction.com\/en\/sts-friction\/","title":{"rendered":"STS Friction"},"content":{"rendered":"<div class=\"wpb-content-wrapper\"><p>[vc_row][vc_column]<div id=\"ultimate-heading-547169e2fe0610931\" class=\"uvc-heading ult-adjust-bottom-margin ultimate-heading-547169e2fe0610931 uvc-4393 \" data-hspacer=\"line_only\"  data-halign=\"left\" style=\"text-align:left\"><div class=\"uvc-main-heading ult-responsive\"  data-ultimate-target='.uvc-heading.ultimate-heading-547169e2fe0610931 h1'  data-responsive-json-new='{\"font-size\":\"desktop:32px;\",\"line-height\":\"desktop:36px;\"}' ><h1 style=\"font-family:&#039;Open Sans&#039;;font-weight:300;color:#e30513;\">Pers\u00f6nlich, individuell, erfahren.<\/h1><\/div><div class=\"uvc-heading-spacer line_only\" style=\"margin-top:10px;margin-bottom:10px;height:1px;\"><span class=\"uvc-headings-line\" style=\"border-style:solid;border-bottom-width:1px;border-color:#e30513;width:autopx;\"><\/span><\/div><div class=\"uvc-sub-heading ult-responsive\"  data-ultimate-target='.uvc-heading.ultimate-heading-547169e2fe0610931 .uvc-sub-heading '  data-responsive-json-new='{\"font-size\":\"desktop:19px;\",\"line-height\":\"desktop:23px;\"}'  style=\"font-family:&#039;Open Sans&#039;;font-weight:300;color:#0a0a0a;\">Die STS Friction GmbH versteht sich als Unternehmen aus dem Mittelstand im besten Sinne!\u00a0Daf\u00fcr stehen drei Begriffe ganz besonders:<\/div><\/div><div class=\"ult-spacer spacer-69e2fe06109e2\" data-id=\"69e2fe06109e2\" data-height=\"25\" data-height-mobile=\"25\" data-height-tab=\"25\" data-height-tab-portrait=\"\" data-height-mobile-landscape=\"\" style=\"clear:both;display:block;\"><\/div>[vc_column_text]<span style=\"color: #e30513;\"><img loading=\"lazy\" decoding=\"async\" class=\"rahmen wp-image-2368 alignright\" src=\"https:\/\/www.sts-friction.com\/wp-content\/uploads\/2015\/03\/STS-Gruppenprodukte6-300x160.jpg\" alt=\"\" width=\"450\" height=\"241\" srcset=\"https:\/\/www.sts-friction.com\/wp-content\/uploads\/2015\/03\/STS-Gruppenprodukte6-300x160.jpg 300w, https:\/\/www.sts-friction.com\/wp-content\/uploads\/2015\/03\/STS-Gruppenprodukte6-1024x547.jpg 1024w, https:\/\/www.sts-friction.com\/wp-content\/uploads\/2015\/03\/STS-Gruppenprodukte6.jpg 1500w\" sizes=\"auto, (max-width: 450px) 100vw, 450px\" \/><\/span><strong>Pers\u00f6nlich<\/strong> \u2013 wir sind ein inhabergef\u00fchrtes Unternehmen und entstammen einem gro\u00dfen Familienunternehmen aus dem Ruhrgebiet. Die Motivation eines Unternehmensinhabers ist die langfristige Sicherung von Arbeitspl\u00e4tzen und eine nachhaltige Unternehmensentwicklung. Was sich h\u00e4ufig nach einer Floskel anh\u00f6rt ist bei uns Tatsache! Viele unserer Mitarbeiter sind seit der Gr\u00fcndung vor \u00fcber 30 Jahren bei uns, die Fluktuation ist sehr gering. Ein Unternehmen entwickelt sich dann gut, wenn sich das gesamte Team mit den Zielen identifiziert \u2013 das macht den Erfolg der STS Friction GmbH aus.<\/p>\n<p><strong>Individuell<\/strong> \u2013 erfolgreiches Wirtschaften in unseren Branchen erfordert schnelles und individuelles Reagieren auf die Bed\u00fcrfnisse der Kunden. Die Kenntnis der geschriebenen und ungeschriebenen Gesetze geht bei uns einher mit der Nutzung von Markenware. Von unserem Standort in Moers aus unterst\u00fctzen wir unsere Kunden bei Ihren Anforderungen. Schnelle Reaktionszeiten, direkte Ansprechbarkeit der relevanten Kollegen und kurze Kommunikationswege. Eben Mittelstand im besten Sinne!<\/p>\n<p><strong>Erfahren<\/strong> \u2013 Unser Unternehmen besteht seit \u00fcber 30 Jahren am Standort Moers. Unsere Mitarbeiter identifizieren sich mit dem Unternehmen und der Region. Erfahrene, motivierte Mitarbeiter, die in den Kundenbranchen daheim sind \u2013 die ausschlie\u00dfliche Nutzung von Markenrohstoffen \u2013 unternehmerisches Denken auf allen Ebenen. Was kann f\u00fcr moderne Kunden besser sein, als mit STS Friction zu arbeiten?<\/p>\n<h4><div class=\"gap\" style=\"line-height: 10px; height: 10px;\"><\/div><span style=\"color: #e30513;\">Sprechen Sie uns an! Wir finden eine L\u00f6sung!<\/span><\/h4>\n<p>[\/vc_column_text][\/vc_column][\/vc_row]<\/p>\n<\/div>","protected":false},"excerpt":{"rendered":"<p>[vc_row][vc_column][vc_column_text]Pers\u00f6nlich \u2013 wir sind ein inhabergef\u00fchrtes Unternehmen und entstammen einem gro\u00dfen Familienunternehmen aus dem Ruhrgebiet. Die Motivation eines Unternehmensinhabers ist die langfristige Sicherung von Arbeitspl\u00e4tzen und eine nachhaltige Unternehmensentwicklung. Was sich h\u00e4ufig nach einer Floskel anh\u00f6rt ist bei uns Tatsache! Viele unserer Mitarbeiter sind seit der Gr\u00fcndung vor \u00fcber 30 Jahren bei uns, die Fluktuation&hellip;<\/p>\n","protected":false},"author":1,"featured_media":0,"parent":0,"menu_order":0,"comment_status":"closed","ping_status":"closed","template":"","meta":{"iawp_total_views":90,"footnotes":""},"class_list":["post-2656","page","type-page","status-publish","hentry","description-off"],"_links":{"self":[{"href":"https:\/\/www.sts-friction.com\/en\/wp-json\/wp\/v2\/pages\/2656","targetHints":{"allow":["GET"]}}],"collection":[{"href":"https:\/\/www.sts-friction.com\/en\/wp-json\/wp\/v2\/pages"}],"about":[{"href":"https:\/\/www.sts-friction.com\/en\/wp-json\/wp\/v2\/types\/page"}],"author":[{"embeddable":true,"href":"https:\/\/www.sts-friction.com\/en\/wp-json\/wp\/v2\/users\/1"}],"replies":[{"embeddable":true,"href":"https:\/\/www.sts-friction.com\/en\/wp-json\/wp\/v2\/comments?post=2656"}],"version-history":[{"count":1,"href":"https:\/\/www.sts-friction.com\/en\/wp-json\/wp\/v2\/pages\/2656\/revisions"}],"predecessor-version":[{"id":4941,"href":"https:\/\/www.sts-friction.com\/en\/wp-json\/wp\/v2\/pages\/2656\/revisions\/4941"}],"wp:attachment":[{"href":"https:\/\/www.sts-friction.com\/en\/wp-json\/wp\/v2\/media?parent=2656"}],"curies":[{"name":"wp","href":"https:\/\/api.w.org\/{rel}","templated":true}]}}