{"id":596,"date":"2014-03-19T15:23:43","date_gmt":"2014-03-19T14:23:43","guid":{"rendered":"http:\/\/the7.dream-demo.com\/business\/?page_id=596"},"modified":"2025-11-04T08:34:14","modified_gmt":"2025-11-04T07:34:14","slug":"reibwerkstoffe","status":"publish","type":"page","link":"https:\/\/www.sts-friction.com\/de\/","title":{"rendered":"Home"},"content":{"rendered":"<div class=\"wpb-content-wrapper\"><p>[vc_row type=&#8220;vc_default&#8220; margin_top=&#8220;-62px&#8220; animation_in_type=&#8220;transition.slideLeftIn&#8220; animation_in_offset=&#8220;100&#8243; animation_in_duration=&#8220;300&#8243; animation_in_delay=&#8220;0&#8243;][vc_column animation=&#8220;fade-in&#8220;]<div id=\"ultimate-heading-644169e42d6b4e6f0\" class=\"uvc-heading ult-adjust-bottom-margin ultimate-heading-644169e42d6b4e6f0 uvc-6088 \" data-hspacer=\"line_only\"  data-halign=\"left\" style=\"text-align:left\"><div class=\"uvc-main-heading ult-responsive\"  data-ultimate-target='.uvc-heading.ultimate-heading-644169e42d6b4e6f0 h1'  data-responsive-json-new='{\"font-size\":\"desktop:28px;\",\"line-height\":\"desktop:36px;\"}' ><h1 style=\"font-family:&#039;Open Sans&#039;;font-weight:300;color:#e30513;\">Industrielle Reibbelagtechnik \u2013 schnell, innovativ und nachhaltig<\/h1><\/div><div class=\"uvc-heading-spacer line_only\" style=\"margin-top:10px;margin-bottom:10px;height:1px;\"><span class=\"uvc-headings-line\" style=\"border-style:solid;border-bottom-width:1px;border-color:#e30513;width:autopx;\"><\/span><\/div><div class=\"uvc-sub-heading ult-responsive\"  data-ultimate-target='.uvc-heading.ultimate-heading-644169e42d6b4e6f0 .uvc-sub-heading '  data-responsive-json-new='{\"font-size\":\"desktop:19px;\",\"line-height\":\"desktop:23px;\"}'  style=\"font-family:&#039;Open Sans&#039;;font-weight:300;color:#0a0a0a;\"><\/p>\n<h2>Mit diesem Anspruch, den wir an uns und unsere Reibwerkstoffe stellen, tragen wir dazu bei, dass ganze Industriebranchen mit hervorragenden Ergebnissen gl\u00e4nzen k\u00f6nnen.<\/h2>\n<p><\/div><\/div><div class=\"ult-spacer spacer-69e42d6b4e7b7\" data-id=\"69e42d6b4e7b7\" data-height=\"20\" data-height-mobile=\"20\" data-height-tab=\"20\" data-height-tab-portrait=\"\" data-height-mobile-landscape=\"\" style=\"clear:both;display:block;\"><\/div>[vc_column_text]Wir unterst\u00fctzen unsere Kunden bei Planung und Aufbau ihrer Anlagen und legen dabei gro\u00dfen Wert auf Qualit\u00e4t, Effizienz und Nachhaltigkeit. Wir entwickeln Werkstoffkonzepte, die ma\u00dfgeschneidert sind f\u00fcr jeden Bedarf des modernen Ingenieurwesens. Unser Leistungsspektrum ist dabei umfangreich: <strong>Bremsbel\u00e4ge, Kupplungsbel\u00e4ge und Antriebsbel\u00e4ge<\/strong> geh\u00f6ren ebenso dazu wie <strong>Gleitwerkstoffe, Dichtwerkstoffe und Isolierwerkstoffe<\/strong>. Vervollst\u00e4ndigt wird unser Portfolio mit Werkstoff \u00fcbergreifenden L\u00f6sungen aus den verschiedensten Komponenten.[\/vc_column_text]<div id=\"mpc_tabs-9269e42d6b4e84a\" class=\"mpc-tabs mpc-init mpc-transition mpc-animation mpc-tabs--left mpc-tabs--decor-line \"  data-animation-in=\"transition.slideLeftIn||850||0||100\" data-active=\"1\"><div class=\"mpc-tabs__nav mpc-align--top\"><ul><li class=\"mpc-tabs__nav-item mpc-parent-hover mpc-active\" data-tab_id=\"1523808863-0-2\"><div data-id=\"mpc_button-7069e42d6b4e908\" class=\"mpc-button mpc-init mpc-transition mpc-typography--preset_0 \" ><div class=\"mpc-button__content mpc-effect-type--none mpc-effect-side--none\"><span class=\"mpc-button__title mpc-transition\">Schnell<\/span><\/div><div class=\"mpc-button__background mpc-transition mpc-effect-type--slide mpc-effect-side--right\"><\/div><\/div><\/li><li class=\"mpc-tabs__nav-item mpc-parent-hover\" data-tab_id=\"1523808863-0-10\"><div data-id=\"mpc_button-6169e42d6b4e9a5\" class=\"mpc-button mpc-init mpc-transition mpc-typography--preset_0 \" ><div class=\"mpc-button__content mpc-effect-type--none mpc-effect-side--none\"><span class=\"mpc-button__title mpc-transition\">Innovativ<\/span><\/div><div class=\"mpc-button__background mpc-transition mpc-effect-type--slide mpc-effect-side--right\"><\/div><\/div><\/li><li class=\"mpc-tabs__nav-item mpc-parent-hover\" data-tab_id=\"1523808863-0-1\"><div data-id=\"mpc_button-4169e42d6b4ea1e\" class=\"mpc-button mpc-init mpc-transition mpc-typography--preset_0 \" ><div class=\"mpc-button__content mpc-effect-type--none mpc-effect-side--none\"><span class=\"mpc-button__title mpc-transition\">Nachhaltig<\/span><\/div><div class=\"mpc-button__background mpc-transition mpc-effect-type--slide mpc-effect-side--right\"><\/div><\/div><\/li><li class=\"mpc-tabs__nav-item mpc-parent-hover\" data-tab_id=\"1523814843626-3-3\"><div data-id=\"mpc_button-7069e42d6b4eaa4\" class=\"mpc-button mpc-init mpc-transition mpc-typography--preset_0 \" ><div class=\"mpc-button__content mpc-effect-type--none mpc-effect-side--none\"><span class=\"mpc-button__title mpc-transition\">Qualitativ<\/span><\/div><div class=\"mpc-button__background mpc-transition mpc-effect-type--slide mpc-effect-side--right\"><\/div><\/div><\/li><\/ul><\/div><div class=\"mpc-tabs__content mpc-transition mpc-typography--preset_1\"><div class=\"mpc-tab mpc-container mpc-transition \" id=\"1523808863-0-2\" data-active=\"true\"><div class=\"mpc-tab__content\">[vc_column_text]Wir gehen mit Komplexit\u00e4t und unvorhergesehenen Anforderungen versiert um. Die M\u00e4rkte wachsen stetig und somit sind nicht nur Ver\u00e4nderungen an der Tagesordnung, auch die Anspr\u00fcche der Industriekunden werden immer komplexer.<\/p>\n<p>Hier stellt STS Friction jeweils ein agiles und l\u00f6sungsorientiertes Team zusammen und steigert damit den Erfolg in der Umsetzung. Unser Erfolgsgeheimnis: Schnelle Reaktionszeiten, souver\u00e4ner Umgang mit Komplexit\u00e4t und ein hohes Ma\u00df an Transparenz.[\/vc_column_text]<\/div><\/div><div class=\"mpc-tab mpc-container mpc-transition \" id=\"1523808863-0-10\" data-active=\"false\"><div class=\"mpc-tab__content\">[vc_column_text]Bei STS Friction entstehen fast t\u00e4glich Innovationen, die Treiber jeder modernen Wirtschaft sind, denn die Anforderungen der Kunden erfordern immer wieder kreatives Denken und neue Ans\u00e4tze. Durch das Beobachten\u00a0 von Trends und das Einsetzen moderner Technologien kreiren wir innovative Impulse, die das Entstehen von ma\u00dfgeschneiderten L\u00f6sungen f\u00fcr individuelle Projekte unserer Kunden f\u00f6rdern.<\/p>\n<p>Dabei verlieren wir nicht aus den Augen, dass vermeintlich kleine Projekte nicht ebenso wichtig sind wie gro\u00dfe Herausforderungen.[\/vc_column_text]<\/div><\/div><div class=\"mpc-tab mpc-container mpc-transition \" id=\"1523808863-0-1\" data-active=\"false\"><div class=\"mpc-tab__content\">[vc_column_text]F\u00fcr uns bedeutet Nachhaltigkeit, dass im Unternehmen Umweltgesichtspunkte gleichberechtigt mit wirtschaftlichen und sozialen Aspekten betrachtet und bearbeitet werden. STS Friction wirtschaftet zukunftsf\u00e4hig, um ein intaktes \u00f6kologisches, soziales und \u00f6konomisches Gef\u00fcge zu hinterlassen.[\/vc_column_text]<\/div><\/div><div class=\"mpc-tab mpc-container mpc-transition \" id=\"1523814843626-3-3\" data-active=\"false\"><div class=\"mpc-tab__content\">[vc_column_text]Alles was wir tun, basiert auf einem hohen Qualit\u00e4tsstandard. So steht beispielsweise die Produktsicherheit bei STS Friction f\u00fcr Kunden und Anwender an erster Stelle. Die Neu- und Weiterentwicklung f\u00fcr Produkte in Bezug auf technische Verbesserung, Leistung, Wirksamkeit und intern bezogen auf Produkt- und Prozess-Sicherheit ist f\u00fcr uns unabdingbar. Dabei legen wir gr\u00f6\u00dften Wert auf die Optimierung und Entwicklung neuer Fertigungstechnologien f\u00fcr eine effiziente und damit wettbewerbsf\u00e4hige Produktrealisierung.<\/p>\n<p>Nat\u00fcrlich k\u00f6nnen unsere Kunden eine optimale Lieferf\u00e4higkeit, definiert als fristgerechte Lieferung in der geforderten Qualit\u00e4t sowie die Umsetzung der Qualit\u00e4tsplanung in Entwicklung und Prozessgestaltung, erwarten.\u00a0Profitieren Sie von einer konsequenten Qualit\u00e4tssicherung unter Minimierung von Reklamationen und der hohen Beratungskompetenz unseres technischen Vertriebes.[\/vc_column_text]<\/div><\/div><\/div><\/div>[\/vc_column][\/vc_row][vc_row type=&#8220;2&#8243; margin_top=&#8220;15&#8243; margin_bottom=&#8220;50&#8243; padding_top=&#8220;20&#8243; padding_bottom=&#8220;20&#8243; bg_repeat=&#8220;repeat&#8220;][vc_column]<section class=\"shortcode-action-box box-style-table no-line\"><div class=\"text-big\"><h3>Fertigteile, Baugruppen und fertige Rezepturen f\u00fcr:<\/h3>\n<h6><span class=\"paint-accent-color\">Transportwesen und Motorsport | Industrie-und Kupplungsbel\u00e4ge | Industrie-Bremsen<\/span><br \/>\n<\/h6>\n<\/div><div class=\"shortcode-action-container action-button\"><a href=\"https:\/\/www.sts-friction.com\/kontakt\/\" class=\"btn-shortcode dt-btn-l dt-btn default-btn-color default-btn-hover-color default-btn-bg-color default-btn-bg-hover-color scale-up animation-builder\" id=\"dt-btn-1\"><span>Sprechen Sie uns an!<\/span><\/a><\/div><\/section>[\/vc_column][\/vc_row][vc_row margin_top=&#8220;40&#8243; margin_bottom=&#8220;40&#8243;][vc_column offset=&#8220;vc_hidden-xs&#8220;]<section id=\"benefits-grid-1\" class=\"benefits-grid wf-container icons-bg custom-bg light-hover-bg accent-icon-color accent-icon-hover-color hover-line\" data-width=\"180px\" data-columns=\"4\"><style type=\"text\/css\">#benefits-grid-1.icons-bg .benefits-grid-ico { height: 50px; line-height: 50px; width: 50px;-webkit-border-radius: 3px;-moz-border-radius: 3px;-ms-border-radius: 3px;-o-border-radius: 3px;border-radius: 3px; }#benefits-grid-1.icons-bg.custom-bg .benefits-grid-ico { background-color: #f3f3f3; }#benefits-grid-1.icons-bg .benefits-grid-ico > i { font-size: 32px; line-height: 50px; }<\/style><div class=\"wf-cell\"><div><div class=\"text-normal\"><div class=\"benefit-line-decoration\"><span class=\"benefits-grid-ico fadeIn animate-element\"><i class=\"fas fa-check-circle\"><\/i><\/span><h4>Reiche Komplettausstattung<\/h4><\/div><p>bezieht sich bei STS Friction nicht nur auf den Entwicklungs-, Fertigungs- und QS-Prozess, sondern auf die kompletten Werkstoff- und Verfahrenstechnologien.<\/p>\n<\/div><\/div><\/div><div class=\"wf-cell\"><div><div class=\"text-normal\"><div class=\"benefit-line-decoration\"><span class=\"benefits-grid-ico fadeIn animate-element\"><i class=\"fas fa-cogs\"><\/i><\/span><h4>Fertigungs-<br\/>technologie<\/h4><\/div><p>Ausgew\u00e4hlte Rohstoffe, Banbury Kautschuk-Kneter, Loedige Trockenmischer<\/p>\n<\/div><\/div><\/div><div class=\"wf-cell\"><div><div class=\"text-normal\"><div class=\"benefit-line-decoration\"><span class=\"benefits-grid-ico fadeIn animate-element\"><i class=\"fas fa-wrench\"><\/i><\/span><h4>Test- und Pr\u00fcfequipment<\/h4><\/div><p>Eigene Labore (chemisch und physikalisch), RFA | Schwungmassen-, EMS- und Schwertpr\u00fcfstand<\/p>\n<\/div><\/div><\/div><div class=\"wf-cell\"><div><div class=\"text-normal\"><div class=\"benefit-line-decoration\"><span class=\"benefits-grid-ico fadeIn animate-element\"><i class=\"fas fa-tv\"><\/i><\/span><h4>Prozessbegleitung vor Ort<\/h4><\/div><p>bis zur Produktionsfreigabe, Entwicklungsleiter, Prozessingenieure,\u00a0Anwendungsingenieure<\/p>\n<\/div><\/div><\/div><\/section>[\/vc_column][\/vc_row][vc_row margin_top=&#8220;40&#8243; margin_bottom=&#8220;40&#8243;][vc_column offset=&#8220;vc_hidden-lg vc_hidden-md vc_hidden-sm&#8220;]<section id=\"benefits-grid-2\" class=\"benefits-grid wf-container icons-bg custom-bg light-hover-bg accent-icon-color accent-icon-hover-color hover-line\" data-width=\"180px\" data-columns=\"1\"><style type=\"text\/css\">#benefits-grid-2.icons-bg .benefits-grid-ico { height: 50px; line-height: 50px; width: 50px;-webkit-border-radius: 3px;-moz-border-radius: 3px;-ms-border-radius: 3px;-o-border-radius: 3px;border-radius: 3px; }#benefits-grid-2.icons-bg.custom-bg .benefits-grid-ico { background-color: #f3f3f3; }#benefits-grid-2.icons-bg .benefits-grid-ico > i { font-size: 32px; line-height: 50px; }<\/style><div class=\"wf-cell\"><div><div class=\"text-normal\"><div class=\"benefit-line-decoration\"><span class=\"benefits-grid-ico fadeIn animate-element\"><i class=\"fas fa-check-circle\"><\/i><\/span><h4>Reiche Komplettausstattung<\/h4><\/div><p>bezieht sich bei STS Friction nicht nur auf den Entwicklungs-, Fertigungs- und QS-Prozess, sondern auf die kompletten Werkstoff- und Verfahrenstechnologien.<\/p>\n<\/div><\/div><\/div><div class=\"wf-cell\"><div><div class=\"text-normal\"><div class=\"benefit-line-decoration\"><span class=\"benefits-grid-ico fadeIn animate-element\"><i class=\"fas fa-cogs\"><\/i><\/span><h4>Fertigungs-<br\/>technologie<\/h4><\/div><p>Ausgew\u00e4hlte Rohstoffe, Banbury Kautschuk-Kneter, Loedige Trockenmischer<\/p>\n<\/div><\/div><\/div><div class=\"wf-cell\"><div><div class=\"text-normal\"><div class=\"benefit-line-decoration\"><span class=\"benefits-grid-ico fadeIn animate-element\"><i class=\"fas fa-wrench\"><\/i><\/span><h4>Test- und Pr\u00fcfequipment<\/h4><\/div><p>Eigene Labore (chemisch und physikalisch), RFA | Schwungmassen-, EMS- und Schwertpr\u00fcfstand<\/p>\n<\/div><\/div><\/div><div class=\"wf-cell\"><div><div class=\"text-normal\"><div class=\"benefit-line-decoration\"><span class=\"benefits-grid-ico fadeIn animate-element\"><i class=\"fas fa-tv\"><\/i><\/span><h4>Prozessbegleitung vor Ort<\/h4><\/div><p>bis zur Produktionsfreigabe, Entwicklungsleiter, Prozessingenieure,\u00a0Anwendungsingenieure<\/p>\n<\/div><\/div><\/div><\/section>[\/vc_column][\/vc_row][vc_row type=&#8220;vc_default&#8220; full_width=&#8220;stretch_row&#8220; content_placement=&#8220;middle&#8220; css=&#8220;.vc_custom_1523694084524{margin-bottom: -70px !important;background-color: #383838 !important;}&#8220; min_height=&#8220;190px&#8220;][vc_column]<div class=\"dt-fancy-separator title-left h6-size style-disabled\" style=\"width: 100%;\"><div class=\"dt-fancy-title\" style=\"color: #ffffff;\"><span class=\"separator-holder separator-left\"><\/span>Unsere Zertifizierungen:<span class=\"separator-holder separator-right\"><\/span><\/div><\/div>[vc_column_text css_animation=&#8220;fadeInLeft&#8220; css=&#8220;.vc_custom_1523628217171{margin-right: -30px !important;margin-bottom: -35px !important;}&#8220;]<\/p>\n<p style=\"text-align: right;\"><script>\r\n\t\tjQuery(function() {\r\n\t\t\tjQuery(\"#logosshowcase_2\").logogridshowcase({columWidth:120,\r\n\t\t\t\tgutter:50,\r\n\t\t\t\tmargin_left:2,\r\n\t\t\t\tmargin_right:2,\r\n\t\t\t\tmargin_top:0,\r\n\t\t\t\tresponsive:true,\r\n\t\t\t\tresponsiveRelativeToBrowser:false,\t\t\t\t\r\n\t\t\t\twidth100Proc:false,\r\n\t\t\t\theight100Proc:false,\t\t\t\t\r\n\t\t\t\ttarget:\"_blank\",\r\n\t\t\t\tgrayscale:false,\r\n\t\t\t\tshowTooltip:false,\r\n\t\t\t\tabsUrl:\"https:\/\/www.sts-friction.com\/wp-content\/plugins\/lbg_logoshowcase\/grid\/\",\r\n\t\t\t\tborder:0,\r\n\t\t\t\tborderColorOFF:\"##f3f3f3\",\r\n\t\t\t\tborderColorON:\"#FF0000\"});\t\r\n\t\t});\r\n\t<\/script>\t\r\n            <div id=\"logosshowcase_2\"><ul class=\"logs_list\"><li data-link=\"\" data-target=\"\" ><img loading=\"lazy\" decoding=\"async\" src=\"https:\/\/www.sts-friction.com\/wp-content\/uploads\/2015\/03\/vri_logo.png\" width=\"250\" height=\"250\" alt=\"\"  title=\"\" \/><\/li><li data-link=\"\" data-target=\"\" ><img loading=\"lazy\" decoding=\"async\" src=\"https:\/\/www.sts-friction.com\/wp-content\/uploads\/2015\/03\/femfm_logo.png\" width=\"250\" height=\"250\" alt=\"\"  title=\"\" \/><\/li><li data-link=\"\" data-target=\"\" ><img loading=\"lazy\" decoding=\"async\" src=\"https:\/\/www.sts-friction.com\/wp-content\/uploads\/2015\/03\/oe_logo.png\" width=\"250\" height=\"250\" alt=\"\"  title=\"\" \/><\/li><li data-link=\"https:\/\/www.sts-friction.com\/wp-content\/uploads\/2023\/09\/0020230-QMS-DEUDE-UKAS.pdf\" data-target=\"_blank\" ><img loading=\"lazy\" decoding=\"async\" src=\"https:\/\/www.sts-friction.com\/wp-content\/uploads\/2017\/11\/Certified_ISO9001.png\" width=\"567\" height=\"567\" alt=\"\"  title=\"\" \/><\/li><li data-link=\"\" data-target=\"_blank\" ><img loading=\"lazy\" decoding=\"async\" src=\"https:\/\/www.sts-friction.com\/wp-content\/uploads\/2018\/04\/Lloyds.png\" width=\"550\" height=\"550\" alt=\"\"  title=\"\" \/><\/li><li data-link=\"\" data-target=\"_blank\" ><img loading=\"lazy\" decoding=\"async\" src=\"https:\/\/www.sts-friction.com\/wp-content\/uploads\/2025\/11\/Datenschutz-Schulungssiegel-2025.png\" width=\"1086\" height=\"805\" alt=\"\"  title=\"\" \/><\/li><\/ul><\/div><br style=\"clear:both;\"><\/p>\n<p>[\/vc_column_text][\/vc_column][\/vc_row]<\/p>\n<\/div>","protected":false},"excerpt":{"rendered":"<p>[vc_row type=&#8220;vc_default&#8220; margin_top=&#8220;-62px&#8220; animation_in_type=&#8220;transition.slideLeftIn&#8220; animation_in_offset=&#8220;100&#8243; animation_in_duration=&#8220;300&#8243; animation_in_delay=&#8220;0&#8243;][vc_column animation=&#8220;fade-in&#8220;][vc_column_text]Wir unterst\u00fctzen unsere Kunden bei Planung und Aufbau ihrer Anlagen und legen dabei gro\u00dfen Wert auf Qualit\u00e4t, Effizienz und Nachhaltigkeit. Wir entwickeln Werkstoffkonzepte, die ma\u00dfgeschneidert sind f\u00fcr jeden Bedarf des modernen Ingenieurwesens. Unser Leistungsspektrum ist dabei umfangreich: Bremsbel\u00e4ge, Kupplungsbel\u00e4ge und Antriebsbel\u00e4ge geh\u00f6ren ebenso dazu wie Gleitwerkstoffe, Dichtwerkstoffe und&hellip;<\/p>\n","protected":false},"author":1,"featured_media":3775,"parent":0,"menu_order":30,"comment_status":"closed","ping_status":"closed","template":"","meta":{"iawp_total_views":2455,"footnotes":""},"class_list":["post-596","page","type-page","status-publish","has-post-thumbnail","hentry","description-off"],"_links":{"self":[{"href":"https:\/\/www.sts-friction.com\/de\/wp-json\/wp\/v2\/pages\/596","targetHints":{"allow":["GET"]}}],"collection":[{"href":"https:\/\/www.sts-friction.com\/de\/wp-json\/wp\/v2\/pages"}],"about":[{"href":"https:\/\/www.sts-friction.com\/de\/wp-json\/wp\/v2\/types\/page"}],"author":[{"embeddable":true,"href":"https:\/\/www.sts-friction.com\/de\/wp-json\/wp\/v2\/users\/1"}],"replies":[{"embeddable":true,"href":"https:\/\/www.sts-friction.com\/de\/wp-json\/wp\/v2\/comments?post=596"}],"version-history":[{"count":4,"href":"https:\/\/www.sts-friction.com\/de\/wp-json\/wp\/v2\/pages\/596\/revisions"}],"predecessor-version":[{"id":5341,"href":"https:\/\/www.sts-friction.com\/de\/wp-json\/wp\/v2\/pages\/596\/revisions\/5341"}],"wp:featuredmedia":[{"embeddable":true,"href":"https:\/\/www.sts-friction.com\/de\/wp-json\/wp\/v2\/media\/3775"}],"wp:attachment":[{"href":"https:\/\/www.sts-friction.com\/de\/wp-json\/wp\/v2\/media?parent=596"}],"curies":[{"name":"wp","href":"https:\/\/api.w.org\/{rel}","templated":true}]}}